{"id":335,"date":"2018-01-22T15:09:43","date_gmt":"2018-01-22T19:09:43","guid":{"rendered":"http:\/\/new.am.gob.do\/transparencia\/?page_id=335"},"modified":"2018-05-09T13:52:06","modified_gmt":"2018-05-09T17:52:06","slug":"lista-de-proveedores","status":"publish","type":"page","link":"https:\/\/ayuntamientomoca.gob.do\/transparencia\/lista-de-proveedores\/","title":{"rendered":"Lista de proveedores"},"content":{"rendered":"<p>En cumplimiento con las disposiciones de la Ley 340-06 sobre Compras y Contrataciones, el Ayuntamiento del Municipio de Moca utiliza \u00fanica y exclusivamente los proveedores calificados por la Direcci\u00f3n General de Contrataciones P\u00fablicas, a trav\u00e9s del Registro de Proveedores del Estado (RPE).<\/p>\n<p>Para consultar los Proveedores Calificados de ofrecer bienes y servicios, favor consultar el siguiente enlace:<\/p>\n<p>&nbsp;<br \/>\n<a href=\"http:\/\/www.dgcp.gob.do\/index.php\/listado-de-proveedores\/\"><\/p>\n<h2>Lista de Proveedores<\/h2>\n<p><\/a><br \/>\n<a href=\"https:\/\/acceso.comprasdominicana.gov.do\/compras\/proveedores\/consulta\/consulta.jsp\"><\/p>\n<h2>Consulta Preveedores<\/h2>\n<p><\/a><br \/>\n&nbsp;<\/p>\n","protected":false},"excerpt":{"rendered":"En cumplimiento con las disposiciones de la Ley 340-06 sobre Compras y Contrataciones, el Ayuntamiento del Municipio de Moca utiliza \u00fanica y exclusivamente los proveedores calificados por la Direcci\u00f3n General de Contrataciones P\u00fablicas, a trav\u00e9s del Registro de Proveedores del Estado (RPE). Para consultar los Proveedores Calificados de ofrecer bienes y servicios, favor consultar el&#8230;","protected":false},"author":1,"featured_media":0,"parent":0,"menu_order":0,"comment_status":"closed","ping_status":"closed","template":"","meta":[],"acf":[],"_links":{"self":[{"href":"https:\/\/ayuntamientomoca.gob.do\/transparencia\/wp-json\/wp\/v2\/pages\/335"}],"collection":[{"href":"https:\/\/ayuntamientomoca.gob.do\/transparencia\/wp-json\/wp\/v2\/pages"}],"about":[{"href":"https:\/\/ayuntamientomoca.gob.do\/transparencia\/wp-json\/wp\/v2\/types\/page"}],"author":[{"embeddable":true,"href":"https:\/\/ayuntamientomoca.gob.do\/transparencia\/wp-json\/wp\/v2\/users\/1"}],"replies":[{"embeddable":true,"href":"https:\/\/ayuntamientomoca.gob.do\/transparencia\/wp-json\/wp\/v2\/comments?post=335"}],"version-history":[{"count":11,"href":"https:\/\/ayuntamientomoca.gob.do\/transparencia\/wp-json\/wp\/v2\/pages\/335\/revisions"}],"predecessor-version":[{"id":851,"href":"https:\/\/ayuntamientomoca.gob.do\/transparencia\/wp-json\/wp\/v2\/pages\/335\/revisions\/851"}],"wp:attachment":[{"href":"https:\/\/ayuntamientomoca.gob.do\/transparencia\/wp-json\/wp\/v2\/media?parent=335"}],"curies":[{"name":"wp","href":"https:\/\/api.w.org\/{rel}","templated":true}]}}